{"id":1851,"date":"2023-05-15T16:49:06","date_gmt":"2023-05-15T16:49:06","guid":{"rendered":"https:\/\/www.skvadern.nu\/cms\/?page_id=1851"},"modified":"2023-05-15T16:50:52","modified_gmt":"2023-05-15T16:50:52","slug":"grundskolebesok","status":"publish","type":"page","link":"https:\/\/www.skvadern.nu\/cms\/grundskolebesok\/","title":{"rendered":"Grundskolebes\u00f6k"},"content":{"rendered":"\t\t<div data-elementor-type=\"wp-page\" data-elementor-id=\"1851\" class=\"elementor elementor-1851\" data-elementor-settings=\"{&quot;ha_cmc_init_switcher&quot;:&quot;no&quot;}\" data-elementor-post-type=\"page\">\n\t\t\t\t\t\t<section class=\"elementor-section elementor-top-section elementor-element elementor-element-7db2d61 elementor-section-content-middle elementor-section-boxed elementor-section-height-default elementor-section-height-default\" data-id=\"7db2d61\" data-element_type=\"section\" data-e-type=\"section\" data-settings=\"{&quot;background_background&quot;:&quot;classic&quot;,&quot;_ha_eqh_enable&quot;:false}\">\n\t\t\t\t\t\t\t<div class=\"elementor-background-overlay\"><\/div>\n\t\t\t\t\t\t\t<div class=\"elementor-container elementor-column-gap-default\">\n\t\t\t\t\t<div class=\"elementor-column elementor-col-100 elementor-top-column elementor-element elementor-element-a51f8d7\" data-id=\"a51f8d7\" data-element_type=\"column\" data-e-type=\"column\">\n\t\t\t<div class=\"elementor-widget-wrap elementor-element-populated\">\n\t\t\t\t\t\t<div class=\"elementor-element elementor-element-251467f elementor-widget elementor-widget-heading\" data-id=\"251467f\" data-element_type=\"widget\" data-e-type=\"widget\" data-widget_type=\"heading.default\">\n\t\t\t\t<div class=\"elementor-widget-container\">\n\t\t\t\t\t<h1 class=\"elementor-heading-title elementor-size-default\">Grundskolebes\u00f6k<\/h1>\t\t\t\t<\/div>\n\t\t\t\t<\/div>\n\t\t\t\t\t<\/div>\n\t\t<\/div>\n\t\t\t\t\t<\/div>\n\t\t<\/section>\n\t\t\t\t<section class=\"elementor-section elementor-top-section elementor-element elementor-element-83407ce elementor-section-boxed elementor-section-height-default elementor-section-height-default\" data-id=\"83407ce\" data-element_type=\"section\" data-e-type=\"section\" data-settings=\"{&quot;_ha_eqh_enable&quot;:false}\">\n\t\t\t\t\t\t<div class=\"elementor-container elementor-column-gap-default\">\n\t\t\t\t\t<div class=\"elementor-column elementor-col-50 elementor-top-column elementor-element elementor-element-177c32c\" data-id=\"177c32c\" data-element_type=\"column\" data-e-type=\"column\">\n\t\t\t<div class=\"elementor-widget-wrap elementor-element-populated\">\n\t\t\t\t\t\t<div class=\"elementor-element elementor-element-3a27441 elementor-widget elementor-widget-heading\" data-id=\"3a27441\" data-element_type=\"widget\" data-e-type=\"widget\" data-widget_type=\"heading.default\">\n\t\t\t\t<div class=\"elementor-widget-container\">\n\t\t\t\t\t<h2 class=\"elementor-heading-title elementor-size-default\">I november bes\u00f6ker alla grundskolor Skvadern<\/h2>\t\t\t\t<\/div>\n\t\t\t\t<\/div>\n\t\t\t\t<div class=\"elementor-element elementor-element-f8f2f73 elementor-widget elementor-widget-text-editor\" data-id=\"f8f2f73\" data-element_type=\"widget\" data-e-type=\"widget\" data-widget_type=\"text-editor.default\">\n\t\t\t\t<div class=\"elementor-widget-container\">\n\t\t\t\t\t\t\t\t\t<p>I \u00e5r \u00e4r alla nior v\u00e4lkomna under vecka 46.<\/p><p>Alla elever i Sundsvalls kommun erbjuds att bes\u00f6ka oss och andra skolor tillsammans med era l\u00e4rare. Det h\u00e4r \u00e4r ofta f\u00f6rsta g\u00e5ngen du som niondeklassare bes\u00f6ker skolan s\u00e5 vi \u00e4r extra glada \u00f6ver att ni har med er era l\u00e4rare som st\u00f6d och trygghet.<\/p>\t\t\t\t\t\t\t\t<\/div>\n\t\t\t\t<\/div>\n\t\t\t\t<div class=\"elementor-element elementor-element-9fd4488 elementor-widget elementor-widget-heading\" data-id=\"9fd4488\" data-element_type=\"widget\" data-e-type=\"widget\" data-widget_type=\"heading.default\">\n\t\t\t\t<div class=\"elementor-widget-container\">\n\t\t\t\t\t<h3 class=\"elementor-heading-title elementor-size-default\">Vad h\u00e4nder p\u00e5 bes\u00f6ket?<\/h3>\t\t\t\t<\/div>\n\t\t\t\t<\/div>\n\t\t\t\t<div class=\"elementor-element elementor-element-34241e2 elementor-widget elementor-widget-text-editor\" data-id=\"34241e2\" data-element_type=\"widget\" data-e-type=\"widget\" data-widget_type=\"text-editor.default\">\n\t\t\t\t<div class=\"elementor-widget-container\">\n\t\t\t\t\t\t\t\t\tHos oss tr\u00e4ffas vi f\u00f6rst tillsammans i aulan d\u00e4r v\u00e5r rektor h\u00e4lsar v\u00e4lkommen. Efter det visar elever och l\u00e4rare runt p\u00e5 skolan och informerar mer om det program du valt att bes\u00f6ka. Rundturen avslutas hos programmet du bes\u00f6ker d\u00e4r du kan fr\u00e5ga mer om kurser och vad vi g\u00f6r.\t\t\t\t\t\t\t\t<\/div>\n\t\t\t\t<\/div>\n\t\t\t\t\t<\/div>\n\t\t<\/div>\n\t\t\t\t<div class=\"elementor-column elementor-col-50 elementor-top-column elementor-element elementor-element-9b5d547\" data-id=\"9b5d547\" data-element_type=\"column\" data-e-type=\"column\">\n\t\t\t<div class=\"elementor-widget-wrap elementor-element-populated\">\n\t\t\t\t\t\t<div class=\"elementor-element elementor-element-ac4d56f elementor-widget elementor-widget-image\" data-id=\"ac4d56f\" data-element_type=\"widget\" data-e-type=\"widget\" data-widget_type=\"image.default\">\n\t\t\t\t<div class=\"elementor-widget-container\">\n\t\t\t\t\t\t\t\t\t\t\t\t\t\t\t<img fetchpriority=\"high\" decoding=\"async\" width=\"1024\" height=\"665\" src=\"https:\/\/www.skvadern.nu\/cms\/wp-content\/uploads\/2023\/05\/grupp-elever-vid-bord-1024x665.jpg\" class=\"attachment-large size-large wp-image-1608\" alt=\"\" srcset=\"https:\/\/www.skvadern.nu\/cms\/wp-content\/uploads\/2023\/05\/grupp-elever-vid-bord-1024x665.jpg 1024w, https:\/\/www.skvadern.nu\/cms\/wp-content\/uploads\/2023\/05\/grupp-elever-vid-bord-300x195.jpg 300w, https:\/\/www.skvadern.nu\/cms\/wp-content\/uploads\/2023\/05\/grupp-elever-vid-bord-768x499.jpg 768w, https:\/\/www.skvadern.nu\/cms\/wp-content\/uploads\/2023\/05\/grupp-elever-vid-bord.jpg 1100w\" sizes=\"(max-width: 1024px) 100vw, 1024px\" \/>\t\t\t\t\t\t\t\t\t\t\t\t\t\t\t<\/div>\n\t\t\t\t<\/div>\n\t\t\t\t\t<\/div>\n\t\t<\/div>\n\t\t\t\t\t<\/div>\n\t\t<\/section>\n\t\t\t\t<\/div>\n\t\t","protected":false},"excerpt":{"rendered":"<p>Grundskolebes\u00f6k I november bes\u00f6ker alla grundskolor Skvadern I \u00e5r \u00e4r alla nior v\u00e4lkomna under vecka 46. Alla elever i Sundsvalls kommun erbjuds att bes\u00f6ka oss och andra skolor tillsammans med era l\u00e4rare. Det h\u00e4r \u00e4r ofta f\u00f6rsta g\u00e5ngen du som niondeklassare bes\u00f6ker skolan s\u00e5 vi \u00e4r extra glada \u00f6ver att ni har med er era &hellip;<\/p>\n<p class=\"read-more\"> <a class=\"\" href=\"https:\/\/www.skvadern.nu\/cms\/grundskolebesok\/\"> <span class=\"screen-reader-text\">Grundskolebes\u00f6k<\/span> L\u00e4s mer &raquo;<\/a><\/p>\n","protected":false},"author":1,"featured_media":0,"parent":0,"menu_order":0,"comment_status":"closed","ping_status":"closed","template":"","meta":{"_eb_attr":"","site-sidebar-layout":"no-sidebar","site-content-layout":"page-builder","ast-site-content-layout":"","site-content-style":"default","site-sidebar-style":"default","ast-global-header-display":"","ast-banner-title-visibility":"","ast-main-header-display":"","ast-hfb-above-header-display":"","ast-hfb-below-header-display":"","ast-hfb-mobile-header-display":"","site-post-title":"disabled","ast-breadcrumbs-content":"","ast-featured-img":"disabled","footer-sml-layout":"","theme-transparent-header-meta":"default","adv-header-id-meta":"","stick-header-meta":"","header-above-stick-meta":"","header-main-stick-meta":"","header-below-stick-meta":"","astra-migrate-meta-layouts":"","footnotes":""},"class_list":["post-1851","page","type-page","status-publish","hentry"],"yoast_head":"<!-- This site is optimized with the Yoast SEO plugin v27.4 - https:\/\/yoast.com\/product\/yoast-seo-wordpress\/ -->\n<title>Grundskolebes\u00f6k - Skvaderns Gymnasieskola<\/title>\n<meta name=\"robots\" content=\"index, follow, max-snippet:-1, max-image-preview:large, max-video-preview:-1\" \/>\n<link rel=\"canonical\" href=\"https:\/\/www.skvadern.nu\/cms\/grundskolebesok\/\" \/>\n<meta property=\"og:locale\" content=\"sv_SE\" \/>\n<meta property=\"og:type\" content=\"article\" \/>\n<meta property=\"og:title\" content=\"Grundskolebes\u00f6k - Skvaderns Gymnasieskola\" \/>\n<meta property=\"og:description\" content=\"Grundskolebes\u00f6k I november bes\u00f6ker alla grundskolor Skvadern I \u00e5r \u00e4r alla nior v\u00e4lkomna under vecka 46. Alla elever i Sundsvalls kommun erbjuds att bes\u00f6ka oss och andra skolor tillsammans med era l\u00e4rare. Det h\u00e4r \u00e4r ofta f\u00f6rsta g\u00e5ngen du som niondeklassare bes\u00f6ker skolan s\u00e5 vi \u00e4r extra glada \u00f6ver att ni har med er era &hellip; Grundskolebes\u00f6k L\u00e4s mer &raquo;\" \/>\n<meta property=\"og:url\" content=\"https:\/\/www.skvadern.nu\/cms\/grundskolebesok\/\" \/>\n<meta property=\"og:site_name\" content=\"Skvaderns Gymnasieskola\" \/>\n<meta property=\"article:modified_time\" content=\"2023-05-15T16:50:52+00:00\" \/>\n<meta property=\"og:image\" content=\"https:\/\/www.skvadern.nu\/cms\/wp-content\/uploads\/2023\/05\/grupp-elever-vid-bord-1024x665.jpg\" \/>\n<meta name=\"twitter:card\" content=\"summary_large_image\" \/>\n<meta name=\"twitter:label1\" content=\"Ber\u00e4knad l\u00e4stid\" \/>\n\t<meta name=\"twitter:data1\" content=\"1 minut\" \/>\n<script type=\"application\/ld+json\" class=\"yoast-schema-graph\">{\"@context\":\"https:\\\/\\\/schema.org\",\"@graph\":[{\"@type\":\"WebPage\",\"@id\":\"https:\\\/\\\/www.skvadern.nu\\\/cms\\\/grundskolebesok\\\/\",\"url\":\"https:\\\/\\\/www.skvadern.nu\\\/cms\\\/grundskolebesok\\\/\",\"name\":\"Grundskolebes\u00f6k - Skvaderns Gymnasieskola\",\"isPartOf\":{\"@id\":\"https:\\\/\\\/www.skvadern.nu\\\/cms\\\/#website\"},\"primaryImageOfPage\":{\"@id\":\"https:\\\/\\\/www.skvadern.nu\\\/cms\\\/grundskolebesok\\\/#primaryimage\"},\"image\":{\"@id\":\"https:\\\/\\\/www.skvadern.nu\\\/cms\\\/grundskolebesok\\\/#primaryimage\"},\"thumbnailUrl\":\"https:\\\/\\\/www.skvadern.nu\\\/cms\\\/wp-content\\\/uploads\\\/2023\\\/05\\\/grupp-elever-vid-bord-1024x665.jpg\",\"datePublished\":\"2023-05-15T16:49:06+00:00\",\"dateModified\":\"2023-05-15T16:50:52+00:00\",\"breadcrumb\":{\"@id\":\"https:\\\/\\\/www.skvadern.nu\\\/cms\\\/grundskolebesok\\\/#breadcrumb\"},\"inLanguage\":\"sv-SE\",\"potentialAction\":[{\"@type\":\"ReadAction\",\"target\":[\"https:\\\/\\\/www.skvadern.nu\\\/cms\\\/grundskolebesok\\\/\"]}]},{\"@type\":\"ImageObject\",\"inLanguage\":\"sv-SE\",\"@id\":\"https:\\\/\\\/www.skvadern.nu\\\/cms\\\/grundskolebesok\\\/#primaryimage\",\"url\":\"https:\\\/\\\/www.skvadern.nu\\\/cms\\\/wp-content\\\/uploads\\\/2023\\\/05\\\/grupp-elever-vid-bord.jpg\",\"contentUrl\":\"https:\\\/\\\/www.skvadern.nu\\\/cms\\\/wp-content\\\/uploads\\\/2023\\\/05\\\/grupp-elever-vid-bord.jpg\",\"width\":1100,\"height\":714},{\"@type\":\"BreadcrumbList\",\"@id\":\"https:\\\/\\\/www.skvadern.nu\\\/cms\\\/grundskolebesok\\\/#breadcrumb\",\"itemListElement\":[{\"@type\":\"ListItem\",\"position\":1,\"name\":\"Hem\",\"item\":\"https:\\\/\\\/www.skvadern.nu\\\/cms\\\/\"},{\"@type\":\"ListItem\",\"position\":2,\"name\":\"Grundskolebes\u00f6k\"}]},{\"@type\":\"WebSite\",\"@id\":\"https:\\\/\\\/www.skvadern.nu\\\/cms\\\/#website\",\"url\":\"https:\\\/\\\/www.skvadern.nu\\\/cms\\\/\",\"name\":\"Skvaderns Gymnasieskola\",\"description\":\"Weblab\",\"publisher\":{\"@id\":\"https:\\\/\\\/www.skvadern.nu\\\/cms\\\/#organization\"},\"potentialAction\":[{\"@type\":\"SearchAction\",\"target\":{\"@type\":\"EntryPoint\",\"urlTemplate\":\"https:\\\/\\\/www.skvadern.nu\\\/cms\\\/?s={search_term_string}\"},\"query-input\":{\"@type\":\"PropertyValueSpecification\",\"valueRequired\":true,\"valueName\":\"search_term_string\"}}],\"inLanguage\":\"sv-SE\"},{\"@type\":\"Organization\",\"@id\":\"https:\\\/\\\/www.skvadern.nu\\\/cms\\\/#organization\",\"name\":\"Skvaderns Gymnasieskola\",\"url\":\"https:\\\/\\\/www.skvadern.nu\\\/cms\\\/\",\"logo\":{\"@type\":\"ImageObject\",\"inLanguage\":\"sv-SE\",\"@id\":\"https:\\\/\\\/www.skvadern.nu\\\/cms\\\/#\\\/schema\\\/logo\\\/image\\\/\",\"url\":\"https:\\\/\\\/www.skvadern.nu\\\/cms\\\/wp-content\\\/uploads\\\/2023\\\/03\\\/output-onlinepngtools-10.png\",\"contentUrl\":\"https:\\\/\\\/www.skvadern.nu\\\/cms\\\/wp-content\\\/uploads\\\/2023\\\/03\\\/output-onlinepngtools-10.png\",\"width\":657,\"height\":154,\"caption\":\"Skvaderns Gymnasieskola\"},\"image\":{\"@id\":\"https:\\\/\\\/www.skvadern.nu\\\/cms\\\/#\\\/schema\\\/logo\\\/image\\\/\"}}]}<\/script>\n<!-- \/ Yoast SEO plugin. -->","yoast_head_json":{"title":"Grundskolebes\u00f6k - Skvaderns Gymnasieskola","robots":{"index":"index","follow":"follow","max-snippet":"max-snippet:-1","max-image-preview":"max-image-preview:large","max-video-preview":"max-video-preview:-1"},"canonical":"https:\/\/www.skvadern.nu\/cms\/grundskolebesok\/","og_locale":"sv_SE","og_type":"article","og_title":"Grundskolebes\u00f6k - Skvaderns Gymnasieskola","og_description":"Grundskolebes\u00f6k I november bes\u00f6ker alla grundskolor Skvadern I \u00e5r \u00e4r alla nior v\u00e4lkomna under vecka 46. Alla elever i Sundsvalls kommun erbjuds att bes\u00f6ka oss och andra skolor tillsammans med era l\u00e4rare. Det h\u00e4r \u00e4r ofta f\u00f6rsta g\u00e5ngen du som niondeklassare bes\u00f6ker skolan s\u00e5 vi \u00e4r extra glada \u00f6ver att ni har med er era &hellip; Grundskolebes\u00f6k L\u00e4s mer &raquo;","og_url":"https:\/\/www.skvadern.nu\/cms\/grundskolebesok\/","og_site_name":"Skvaderns Gymnasieskola","article_modified_time":"2023-05-15T16:50:52+00:00","og_image":[{"url":"https:\/\/www.skvadern.nu\/cms\/wp-content\/uploads\/2023\/05\/grupp-elever-vid-bord-1024x665.jpg","type":"","width":"","height":""}],"twitter_card":"summary_large_image","twitter_misc":{"Ber\u00e4knad l\u00e4stid":"1 minut"},"schema":{"@context":"https:\/\/schema.org","@graph":[{"@type":"WebPage","@id":"https:\/\/www.skvadern.nu\/cms\/grundskolebesok\/","url":"https:\/\/www.skvadern.nu\/cms\/grundskolebesok\/","name":"Grundskolebes\u00f6k - Skvaderns Gymnasieskola","isPartOf":{"@id":"https:\/\/www.skvadern.nu\/cms\/#website"},"primaryImageOfPage":{"@id":"https:\/\/www.skvadern.nu\/cms\/grundskolebesok\/#primaryimage"},"image":{"@id":"https:\/\/www.skvadern.nu\/cms\/grundskolebesok\/#primaryimage"},"thumbnailUrl":"https:\/\/www.skvadern.nu\/cms\/wp-content\/uploads\/2023\/05\/grupp-elever-vid-bord-1024x665.jpg","datePublished":"2023-05-15T16:49:06+00:00","dateModified":"2023-05-15T16:50:52+00:00","breadcrumb":{"@id":"https:\/\/www.skvadern.nu\/cms\/grundskolebesok\/#breadcrumb"},"inLanguage":"sv-SE","potentialAction":[{"@type":"ReadAction","target":["https:\/\/www.skvadern.nu\/cms\/grundskolebesok\/"]}]},{"@type":"ImageObject","inLanguage":"sv-SE","@id":"https:\/\/www.skvadern.nu\/cms\/grundskolebesok\/#primaryimage","url":"https:\/\/www.skvadern.nu\/cms\/wp-content\/uploads\/2023\/05\/grupp-elever-vid-bord.jpg","contentUrl":"https:\/\/www.skvadern.nu\/cms\/wp-content\/uploads\/2023\/05\/grupp-elever-vid-bord.jpg","width":1100,"height":714},{"@type":"BreadcrumbList","@id":"https:\/\/www.skvadern.nu\/cms\/grundskolebesok\/#breadcrumb","itemListElement":[{"@type":"ListItem","position":1,"name":"Hem","item":"https:\/\/www.skvadern.nu\/cms\/"},{"@type":"ListItem","position":2,"name":"Grundskolebes\u00f6k"}]},{"@type":"WebSite","@id":"https:\/\/www.skvadern.nu\/cms\/#website","url":"https:\/\/www.skvadern.nu\/cms\/","name":"Skvaderns Gymnasieskola","description":"Weblab","publisher":{"@id":"https:\/\/www.skvadern.nu\/cms\/#organization"},"potentialAction":[{"@type":"SearchAction","target":{"@type":"EntryPoint","urlTemplate":"https:\/\/www.skvadern.nu\/cms\/?s={search_term_string}"},"query-input":{"@type":"PropertyValueSpecification","valueRequired":true,"valueName":"search_term_string"}}],"inLanguage":"sv-SE"},{"@type":"Organization","@id":"https:\/\/www.skvadern.nu\/cms\/#organization","name":"Skvaderns Gymnasieskola","url":"https:\/\/www.skvadern.nu\/cms\/","logo":{"@type":"ImageObject","inLanguage":"sv-SE","@id":"https:\/\/www.skvadern.nu\/cms\/#\/schema\/logo\/image\/","url":"https:\/\/www.skvadern.nu\/cms\/wp-content\/uploads\/2023\/03\/output-onlinepngtools-10.png","contentUrl":"https:\/\/www.skvadern.nu\/cms\/wp-content\/uploads\/2023\/03\/output-onlinepngtools-10.png","width":657,"height":154,"caption":"Skvaderns Gymnasieskola"},"image":{"@id":"https:\/\/www.skvadern.nu\/cms\/#\/schema\/logo\/image\/"}}]}},"_links":{"self":[{"href":"https:\/\/www.skvadern.nu\/cms\/wp-json\/wp\/v2\/pages\/1851","targetHints":{"allow":["GET"]}}],"collection":[{"href":"https:\/\/www.skvadern.nu\/cms\/wp-json\/wp\/v2\/pages"}],"about":[{"href":"https:\/\/www.skvadern.nu\/cms\/wp-json\/wp\/v2\/types\/page"}],"author":[{"embeddable":true,"href":"https:\/\/www.skvadern.nu\/cms\/wp-json\/wp\/v2\/users\/1"}],"replies":[{"embeddable":true,"href":"https:\/\/www.skvadern.nu\/cms\/wp-json\/wp\/v2\/comments?post=1851"}],"version-history":[{"count":4,"href":"https:\/\/www.skvadern.nu\/cms\/wp-json\/wp\/v2\/pages\/1851\/revisions"}],"predecessor-version":[{"id":1858,"href":"https:\/\/www.skvadern.nu\/cms\/wp-json\/wp\/v2\/pages\/1851\/revisions\/1858"}],"wp:attachment":[{"href":"https:\/\/www.skvadern.nu\/cms\/wp-json\/wp\/v2\/media?parent=1851"}],"curies":[{"name":"wp","href":"https:\/\/api.w.org\/{rel}","templated":true}]}}