{"id":1758,"date":"2023-05-15T11:02:55","date_gmt":"2023-05-15T11:02:55","guid":{"rendered":"https:\/\/www.skvadern.nu\/cms\/?page_id=1758"},"modified":"2025-09-15T08:26:49","modified_gmt":"2025-09-15T08:26:49","slug":"aktuellt","status":"publish","type":"page","link":"https:\/\/www.skvadern.nu\/cms\/aktuellt\/","title":{"rendered":"Aktuellt"},"content":{"rendered":"\t\t<div data-elementor-type=\"wp-page\" data-elementor-id=\"1758\" class=\"elementor elementor-1758\" data-elementor-settings=\"{&quot;ha_cmc_init_switcher&quot;:&quot;no&quot;}\" data-elementor-post-type=\"page\">\n\t\t\t\t\t\t<section class=\"elementor-section elementor-top-section elementor-element elementor-element-0a2ab36 elementor-section-content-middle elementor-section-boxed elementor-section-height-default elementor-section-height-default\" data-id=\"0a2ab36\" data-element_type=\"section\" data-e-type=\"section\" data-settings=\"{&quot;background_background&quot;:&quot;classic&quot;,&quot;_ha_eqh_enable&quot;:false}\">\n\t\t\t\t\t\t\t<div class=\"elementor-background-overlay\"><\/div>\n\t\t\t\t\t\t\t<div class=\"elementor-container elementor-column-gap-default\">\n\t\t\t\t\t<div class=\"elementor-column elementor-col-100 elementor-top-column elementor-element elementor-element-a7e10ce\" data-id=\"a7e10ce\" data-element_type=\"column\" data-e-type=\"column\">\n\t\t\t<div class=\"elementor-widget-wrap elementor-element-populated\">\n\t\t\t\t\t\t<div class=\"elementor-element elementor-element-4d1275c elementor-widget elementor-widget-heading\" data-id=\"4d1275c\" data-element_type=\"widget\" data-e-type=\"widget\" data-widget_type=\"heading.default\">\n\t\t\t\t<div class=\"elementor-widget-container\">\n\t\t\t\t\t<h1 class=\"elementor-heading-title elementor-size-default\">Aktuellt<\/h1>\t\t\t\t<\/div>\n\t\t\t\t<\/div>\n\t\t\t\t\t<\/div>\n\t\t<\/div>\n\t\t\t\t\t<\/div>\n\t\t<\/section>\n\t\t\t\t<section class=\"elementor-section elementor-top-section elementor-element elementor-element-e4805db elementor-section-boxed elementor-section-height-default elementor-section-height-default\" data-id=\"e4805db\" data-element_type=\"section\" data-e-type=\"section\" data-settings=\"{&quot;_ha_eqh_enable&quot;:false}\">\n\t\t\t\t\t\t<div class=\"elementor-container elementor-column-gap-default\">\n\t\t\t\t\t<div class=\"elementor-column elementor-col-33 elementor-top-column elementor-element elementor-element-0f03548\" data-id=\"0f03548\" data-element_type=\"column\" data-e-type=\"column\">\n\t\t\t<div class=\"elementor-widget-wrap\">\n\t\t\t\t\t\t\t<\/div>\n\t\t<\/div>\n\t\t\t\t<div class=\"elementor-column elementor-col-33 elementor-top-column elementor-element elementor-element-789208d\" data-id=\"789208d\" data-element_type=\"column\" data-e-type=\"column\">\n\t\t\t<div class=\"elementor-widget-wrap elementor-element-populated\">\n\t\t\t\t\t\t\t<\/div>\n\t\t<\/div>\n\t\t\t\t<div class=\"elementor-column elementor-col-33 elementor-top-column elementor-element elementor-element-e69bee6\" data-id=\"e69bee6\" data-element_type=\"column\" data-e-type=\"column\">\n\t\t\t<div class=\"elementor-widget-wrap elementor-element-populated\">\n\t\t\t\t\t\t<div class=\"elementor-element elementor-element-8faa1b4 elementor-widget elementor-widget-heading\" data-id=\"8faa1b4\" data-element_type=\"widget\" data-e-type=\"widget\" data-widget_type=\"heading.default\">\n\t\t\t\t<div class=\"elementor-widget-container\">\n\t\t\t\t\t<h2 class=\"elementor-heading-title elementor-size-default\">B\u00e4sta skolan i Sverige!<\/h2>\t\t\t\t<\/div>\n\t\t\t\t<\/div>\n\t\t\t\t<div class=\"elementor-element elementor-element-851de13 elementor-widget elementor-widget-text-editor\" data-id=\"851de13\" data-element_type=\"widget\" data-e-type=\"widget\" data-widget_type=\"text-editor.default\">\n\t\t\t\t<div class=\"elementor-widget-container\">\n\t\t\t\t\t\t\t\t\t<div><b>Skvaderns gymnasieskola har de n\u00f6jdaste gymnasieeleverna i hela Sverige!<\/b><\/div><div>Ednia.se har sammanst\u00e4llt en lista med<b>\u00a0<\/b>topp 50 gymnasier med n\u00f6jdast elever i Sverige 2024 utifr\u00e5n Skolinspektionens unders\u00f6kning och data om n\u00f6jda elever. &#8221;Eleverna har f\u00e5tt svara p\u00e5 fr\u00e5gor om bland annat trygghet, studiero, upplevt st\u00f6d och \u00e4ven hur n\u00f6jda de \u00e4r&#8221;<\/div><div>Skvadern \u00e4r nr 1!\u00a0<\/div><div>\u00a0<\/div><div>L\u00e4s mer h\u00e4r:<\/div><div><a id=\"LPlnkOWAa146f495-dc90-1195-18e4-9839662c7aaf\" href=\"https:\/\/ednia.se\/blogg\/inlagg\/topp-50-gymnasier-med-nojdast-elever-i-sverige-2024\" target=\"_blank\" rel=\"noopener noreferrer\" data-linkindex=\"0\" data-auth=\"NotApplicable\">https:\/\/ednia.se\/blogg\/inlagg\/topp-50-gymnasier-med-nojdast-elever-i-sverige-2024<\/a><\/div>\t\t\t\t\t\t\t\t<\/div>\n\t\t\t\t<\/div>\n\t\t\t\t\t<\/div>\n\t\t<\/div>\n\t\t\t\t\t<\/div>\n\t\t<\/section>\n\t\t\t\t<section class=\"elementor-section elementor-top-section elementor-element elementor-element-15742da1 elementor-reverse-mobile elementor-section-boxed elementor-section-height-default elementor-section-height-default\" data-id=\"15742da1\" data-element_type=\"section\" data-e-type=\"section\" data-settings=\"{&quot;background_background&quot;:&quot;classic&quot;,&quot;_ha_eqh_enable&quot;:false}\">\n\t\t\t\t\t\t<div class=\"elementor-container elementor-column-gap-default\">\n\t\t\t\t\t<div class=\"elementor-column elementor-col-100 elementor-top-column elementor-element elementor-element-23f2ca7\" data-id=\"23f2ca7\" data-element_type=\"column\" data-e-type=\"column\">\n\t\t\t<div class=\"elementor-widget-wrap\">\n\t\t\t\t\t\t\t<\/div>\n\t\t<\/div>\n\t\t\t\t\t<\/div>\n\t\t<\/section>\n\t\t\t\t<\/div>\n\t\t","protected":false},"excerpt":{"rendered":"<p>Aktuellt B\u00e4sta skolan i Sverige! Skvaderns gymnasieskola har de n\u00f6jdaste gymnasieeleverna i hela Sverige!Ednia.se har sammanst\u00e4llt en lista med\u00a0topp 50 gymnasier med n\u00f6jdast elever i Sverige 2024 utifr\u00e5n Skolinspektionens unders\u00f6kning och data om n\u00f6jda elever. &#8221;Eleverna har f\u00e5tt svara p\u00e5 fr\u00e5gor om bland annat trygghet, studiero, upplevt st\u00f6d och \u00e4ven hur n\u00f6jda de \u00e4r&#8221;Skvadern \u00e4r &hellip;<\/p>\n<p class=\"read-more\"> <a class=\"\" href=\"https:\/\/www.skvadern.nu\/cms\/aktuellt\/\"> <span class=\"screen-reader-text\">Aktuellt<\/span> L\u00e4s mer &raquo;<\/a><\/p>\n","protected":false},"author":1,"featured_media":0,"parent":0,"menu_order":0,"comment_status":"closed","ping_status":"closed","template":"","meta":{"_eb_attr":"","site-sidebar-layout":"no-sidebar","site-content-layout":"page-builder","ast-site-content-layout":"","site-content-style":"default","site-sidebar-style":"default","ast-global-header-display":"","ast-banner-title-visibility":"","ast-main-header-display":"","ast-hfb-above-header-display":"","ast-hfb-below-header-display":"","ast-hfb-mobile-header-display":"","site-post-title":"disabled","ast-breadcrumbs-content":"","ast-featured-img":"disabled","footer-sml-layout":"","theme-transparent-header-meta":"default","adv-header-id-meta":"","stick-header-meta":"","header-above-stick-meta":"","header-main-stick-meta":"","header-below-stick-meta":"","astra-migrate-meta-layouts":"","footnotes":""},"class_list":["post-1758","page","type-page","status-publish","hentry"],"yoast_head":"<!-- This site is optimized with the Yoast SEO plugin v27.5 - https:\/\/yoast.com\/product\/yoast-seo-wordpress\/ -->\n<title>Aktuellt - Skvaderns Gymnasieskola<\/title>\n<meta name=\"robots\" content=\"index, follow, max-snippet:-1, max-image-preview:large, max-video-preview:-1\" \/>\n<link rel=\"canonical\" href=\"https:\/\/www.skvadern.nu\/cms\/aktuellt\/\" \/>\n<meta property=\"og:locale\" content=\"sv_SE\" \/>\n<meta property=\"og:type\" content=\"article\" \/>\n<meta property=\"og:title\" content=\"Aktuellt - Skvaderns Gymnasieskola\" \/>\n<meta property=\"og:description\" content=\"Aktuellt B\u00e4sta skolan i Sverige! Skvaderns gymnasieskola har de n\u00f6jdaste gymnasieeleverna i hela Sverige!Ednia.se har sammanst\u00e4llt en lista med\u00a0topp 50 gymnasier med n\u00f6jdast elever i Sverige 2024 utifr\u00e5n Skolinspektionens unders\u00f6kning och data om n\u00f6jda elever. &#8221;Eleverna har f\u00e5tt svara p\u00e5 fr\u00e5gor om bland annat trygghet, studiero, upplevt st\u00f6d och \u00e4ven hur n\u00f6jda de \u00e4r&#8221;Skvadern \u00e4r &hellip; Aktuellt L\u00e4s mer &raquo;\" \/>\n<meta property=\"og:url\" content=\"https:\/\/www.skvadern.nu\/cms\/aktuellt\/\" \/>\n<meta property=\"og:site_name\" content=\"Skvaderns Gymnasieskola\" \/>\n<meta property=\"article:modified_time\" content=\"2025-09-15T08:26:49+00:00\" \/>\n<meta name=\"twitter:card\" content=\"summary_large_image\" \/>\n<meta name=\"twitter:label1\" content=\"Ber\u00e4knad l\u00e4stid\" \/>\n\t<meta name=\"twitter:data1\" content=\"1 minut\" \/>\n<script type=\"application\/ld+json\" class=\"yoast-schema-graph\">{\"@context\":\"https:\\\/\\\/schema.org\",\"@graph\":[{\"@type\":\"WebPage\",\"@id\":\"https:\\\/\\\/www.skvadern.nu\\\/cms\\\/aktuellt\\\/\",\"url\":\"https:\\\/\\\/www.skvadern.nu\\\/cms\\\/aktuellt\\\/\",\"name\":\"Aktuellt - Skvaderns Gymnasieskola\",\"isPartOf\":{\"@id\":\"https:\\\/\\\/www.skvadern.nu\\\/cms\\\/#website\"},\"datePublished\":\"2023-05-15T11:02:55+00:00\",\"dateModified\":\"2025-09-15T08:26:49+00:00\",\"breadcrumb\":{\"@id\":\"https:\\\/\\\/www.skvadern.nu\\\/cms\\\/aktuellt\\\/#breadcrumb\"},\"inLanguage\":\"sv-SE\",\"potentialAction\":[{\"@type\":\"ReadAction\",\"target\":[\"https:\\\/\\\/www.skvadern.nu\\\/cms\\\/aktuellt\\\/\"]}]},{\"@type\":\"BreadcrumbList\",\"@id\":\"https:\\\/\\\/www.skvadern.nu\\\/cms\\\/aktuellt\\\/#breadcrumb\",\"itemListElement\":[{\"@type\":\"ListItem\",\"position\":1,\"name\":\"Hem\",\"item\":\"https:\\\/\\\/www.skvadern.nu\\\/cms\\\/\"},{\"@type\":\"ListItem\",\"position\":2,\"name\":\"Aktuellt\"}]},{\"@type\":\"WebSite\",\"@id\":\"https:\\\/\\\/www.skvadern.nu\\\/cms\\\/#website\",\"url\":\"https:\\\/\\\/www.skvadern.nu\\\/cms\\\/\",\"name\":\"Skvaderns Gymnasieskola\",\"description\":\"Weblab\",\"publisher\":{\"@id\":\"https:\\\/\\\/www.skvadern.nu\\\/cms\\\/#organization\"},\"potentialAction\":[{\"@type\":\"SearchAction\",\"target\":{\"@type\":\"EntryPoint\",\"urlTemplate\":\"https:\\\/\\\/www.skvadern.nu\\\/cms\\\/?s={search_term_string}\"},\"query-input\":{\"@type\":\"PropertyValueSpecification\",\"valueRequired\":true,\"valueName\":\"search_term_string\"}}],\"inLanguage\":\"sv-SE\"},{\"@type\":\"Organization\",\"@id\":\"https:\\\/\\\/www.skvadern.nu\\\/cms\\\/#organization\",\"name\":\"Skvaderns Gymnasieskola\",\"url\":\"https:\\\/\\\/www.skvadern.nu\\\/cms\\\/\",\"logo\":{\"@type\":\"ImageObject\",\"inLanguage\":\"sv-SE\",\"@id\":\"https:\\\/\\\/www.skvadern.nu\\\/cms\\\/#\\\/schema\\\/logo\\\/image\\\/\",\"url\":\"https:\\\/\\\/www.skvadern.nu\\\/cms\\\/wp-content\\\/uploads\\\/2023\\\/03\\\/output-onlinepngtools-10.png\",\"contentUrl\":\"https:\\\/\\\/www.skvadern.nu\\\/cms\\\/wp-content\\\/uploads\\\/2023\\\/03\\\/output-onlinepngtools-10.png\",\"width\":657,\"height\":154,\"caption\":\"Skvaderns Gymnasieskola\"},\"image\":{\"@id\":\"https:\\\/\\\/www.skvadern.nu\\\/cms\\\/#\\\/schema\\\/logo\\\/image\\\/\"}}]}<\/script>\n<!-- \/ Yoast SEO plugin. -->","yoast_head_json":{"title":"Aktuellt - Skvaderns Gymnasieskola","robots":{"index":"index","follow":"follow","max-snippet":"max-snippet:-1","max-image-preview":"max-image-preview:large","max-video-preview":"max-video-preview:-1"},"canonical":"https:\/\/www.skvadern.nu\/cms\/aktuellt\/","og_locale":"sv_SE","og_type":"article","og_title":"Aktuellt - Skvaderns Gymnasieskola","og_description":"Aktuellt B\u00e4sta skolan i Sverige! Skvaderns gymnasieskola har de n\u00f6jdaste gymnasieeleverna i hela Sverige!Ednia.se har sammanst\u00e4llt en lista med\u00a0topp 50 gymnasier med n\u00f6jdast elever i Sverige 2024 utifr\u00e5n Skolinspektionens unders\u00f6kning och data om n\u00f6jda elever. &#8221;Eleverna har f\u00e5tt svara p\u00e5 fr\u00e5gor om bland annat trygghet, studiero, upplevt st\u00f6d och \u00e4ven hur n\u00f6jda de \u00e4r&#8221;Skvadern \u00e4r &hellip; Aktuellt L\u00e4s mer &raquo;","og_url":"https:\/\/www.skvadern.nu\/cms\/aktuellt\/","og_site_name":"Skvaderns Gymnasieskola","article_modified_time":"2025-09-15T08:26:49+00:00","twitter_card":"summary_large_image","twitter_misc":{"Ber\u00e4knad l\u00e4stid":"1 minut"},"schema":{"@context":"https:\/\/schema.org","@graph":[{"@type":"WebPage","@id":"https:\/\/www.skvadern.nu\/cms\/aktuellt\/","url":"https:\/\/www.skvadern.nu\/cms\/aktuellt\/","name":"Aktuellt - Skvaderns Gymnasieskola","isPartOf":{"@id":"https:\/\/www.skvadern.nu\/cms\/#website"},"datePublished":"2023-05-15T11:02:55+00:00","dateModified":"2025-09-15T08:26:49+00:00","breadcrumb":{"@id":"https:\/\/www.skvadern.nu\/cms\/aktuellt\/#breadcrumb"},"inLanguage":"sv-SE","potentialAction":[{"@type":"ReadAction","target":["https:\/\/www.skvadern.nu\/cms\/aktuellt\/"]}]},{"@type":"BreadcrumbList","@id":"https:\/\/www.skvadern.nu\/cms\/aktuellt\/#breadcrumb","itemListElement":[{"@type":"ListItem","position":1,"name":"Hem","item":"https:\/\/www.skvadern.nu\/cms\/"},{"@type":"ListItem","position":2,"name":"Aktuellt"}]},{"@type":"WebSite","@id":"https:\/\/www.skvadern.nu\/cms\/#website","url":"https:\/\/www.skvadern.nu\/cms\/","name":"Skvaderns Gymnasieskola","description":"Weblab","publisher":{"@id":"https:\/\/www.skvadern.nu\/cms\/#organization"},"potentialAction":[{"@type":"SearchAction","target":{"@type":"EntryPoint","urlTemplate":"https:\/\/www.skvadern.nu\/cms\/?s={search_term_string}"},"query-input":{"@type":"PropertyValueSpecification","valueRequired":true,"valueName":"search_term_string"}}],"inLanguage":"sv-SE"},{"@type":"Organization","@id":"https:\/\/www.skvadern.nu\/cms\/#organization","name":"Skvaderns Gymnasieskola","url":"https:\/\/www.skvadern.nu\/cms\/","logo":{"@type":"ImageObject","inLanguage":"sv-SE","@id":"https:\/\/www.skvadern.nu\/cms\/#\/schema\/logo\/image\/","url":"https:\/\/www.skvadern.nu\/cms\/wp-content\/uploads\/2023\/03\/output-onlinepngtools-10.png","contentUrl":"https:\/\/www.skvadern.nu\/cms\/wp-content\/uploads\/2023\/03\/output-onlinepngtools-10.png","width":657,"height":154,"caption":"Skvaderns Gymnasieskola"},"image":{"@id":"https:\/\/www.skvadern.nu\/cms\/#\/schema\/logo\/image\/"}}]}},"_links":{"self":[{"href":"https:\/\/www.skvadern.nu\/cms\/wp-json\/wp\/v2\/pages\/1758","targetHints":{"allow":["GET"]}}],"collection":[{"href":"https:\/\/www.skvadern.nu\/cms\/wp-json\/wp\/v2\/pages"}],"about":[{"href":"https:\/\/www.skvadern.nu\/cms\/wp-json\/wp\/v2\/types\/page"}],"author":[{"embeddable":true,"href":"https:\/\/www.skvadern.nu\/cms\/wp-json\/wp\/v2\/users\/1"}],"replies":[{"embeddable":true,"href":"https:\/\/www.skvadern.nu\/cms\/wp-json\/wp\/v2\/comments?post=1758"}],"version-history":[{"count":55,"href":"https:\/\/www.skvadern.nu\/cms\/wp-json\/wp\/v2\/pages\/1758\/revisions"}],"predecessor-version":[{"id":2356,"href":"https:\/\/www.skvadern.nu\/cms\/wp-json\/wp\/v2\/pages\/1758\/revisions\/2356"}],"wp:attachment":[{"href":"https:\/\/www.skvadern.nu\/cms\/wp-json\/wp\/v2\/media?parent=1758"}],"curies":[{"name":"wp","href":"https:\/\/api.w.org\/{rel}","templated":true}]}}